{"id":2,"date":"2014-12-23T14:17:31","date_gmt":"2014-12-23T14:17:31","guid":{"rendered":"http:\/\/michellarsonneur.fr\/tapissier-decorateur\/?page_id=2"},"modified":"2026-04-01T15:55:03","modified_gmt":"2026-04-01T14:55:03","slug":"page-d-exemple","status":"publish","type":"page","link":"https:\/\/michellarsonneur.fr\/tapissier-decorateur\/","title":{"rendered":"Tapissier"},"content":{"rendered":"<p style=\"text-align: justify;\" align=\"left\"><span style=\"font-size: small;\"><strong>Tapissier \u00e0 Aiguillon <\/strong>(Lot-Et-Garonne 47), dipl\u00f4m\u00e9 de l&#8217;\u00e9cole Gr\u00e9goire-Ferrandi (Paris 6\u00e8me) en tapisserie d&#8217;ameublement je suis \u00e0 votre disposition pour la <strong><big>r\u00e9fection et restauration de vos si\u00e8ges, fauteuils et <\/big><span style=\"color: #000000;\"><big><a style=\"color: #000000;\" href=\"https:\/\/michellarsonneur.fr\/tapissier-decorateur\/canapes-et-lits\/\">canap\u00e9s<\/a><\/big><\/span><\/strong>\u00a0de<span style=\"color: #000000;\"> <a style=\"color: #000000;\" href=\"https:\/\/michellarsonneur.fr\/tapissier-decorateur\/sieges-de-style\/\">styles<\/a><\/span> et <span style=\"color: #000000;\"><a style=\"color: #000000;\" href=\"https:\/\/michellarsonneur.fr\/tapissier-decorateur\/fauteuils-contemporains\/\">contemporains<\/a><\/span>,\u00a0ainsi que la confection de\u00a0<strong><big>t\u00eates de lit et rideaux<\/big><\/strong>, je travaille de fa\u00e7on traditionnelle (<span style=\"color: #000000;\"><a style=\"color: #000000;\" href=\"https:\/\/michellarsonneur.fr\/tapissier-decorateur\/etapes-de-renovation\/\">utilisation du crin<\/a><\/span>) en y mettant toute ma passion et mon savoir faire.<\/span><\/p>\n<p align=\"left\">Au sein de mon atelier, je propose un large choix de tissus d&#8217;<a href=\"https:\/\/michellarsonneur.fr\/tapissier-decorateur\/partenaires\/\">\u00e9diteurs<\/a>\u00a0(Designer&#8217;s Guid, Casal, Casamance, Leli\u00e8vre, &#8230;)<\/p>\n<p style=\"text-align: justify;\" align=\"left\"><span style=\"font-size: 1rem;\">Pour tous renseignements ou devis, <\/span><span style=\"color: #000000;\"><a style=\"color: #000000;\" href=\"https:\/\/michellarsonneur.fr\/tapissier-decorateur\/contact\/\">contactez-moi<\/a><\/span><span style=\"font-size: small;\">. Je peux me d\u00e9placer dans tout le Lot-Et-Garonne pour \u00e9tablir un <\/span><strong style=\"font-size: 1rem;\"><big><span style=\"font-size: small;\">devis gratuit :\u00a0<\/span><\/big><\/strong><\/p>\n<ul>\n<li style=\"text-align: justify;\">R\u00e9fection de fauteuil, chaise et canap\u00e9<\/li>\n<li style=\"text-align: justify;\">Confection et pose de rideau, voilage et store sur- mesure<\/li>\n<li style=\"text-align: justify;\">R\u00e9alisation de coussin sur-mesure<\/li>\n<li style=\"text-align: justify;\">Confection de t\u00eate de lit<\/li>\n<\/ul>\n<p style=\"text-align: left;\" align=\"left\"><big><b><span style=\"font-size: large;\"><big>Pour me contacter :<\/big><\/span><\/b><br \/>\n<\/big><\/p>\n<p style=\"text-align: left;\" align=\"left\"><span style=\"font-size: small;\"><big><span style=\"color: #cc0000; font-family: Verdana;\"><b>Par mail :<\/b><\/span><\/big><\/span> <a href=\"mailto:michellarsonneur@sfr.fr\"><span style=\"font-size: small;\"><big>michellarsonneur@sfr.fr<\/big><\/span><\/a><\/p>\n<p style=\"text-align: left;\" align=\"left\"><span style=\"font-family: Verdana; font-size: small;\"><big><b><span style=\"color: #cc0000;\">Par t\u00e9l\u00e9phone<\/span> : <a href=\"tel:0622468806\">06 22 46 88 06<\/a><\/b><\/big><\/span><\/p>\n<p align=\"left\">Je re\u00e7ois sur rendez-vous \u00e0 mon atelier situ\u00e9 \u00e0 <b>Aiguillon <\/b>dans le Lot-Et-Garonne (47)<\/p>\n<p align=\"left\"><a href=\"https:\/\/goo.gl\/maps\/5sxnNFUzpHuvC2FX9\" target=\"_blank\" rel=\"noopener noreferrer\">2 route de peyrelongue &#8211; 47190 Aiguillon<\/a><\/p>\n<p align=\"left\"><iframe loading=\"lazy\" style=\"border: 0;\" src=\"https:\/\/www.google.com\/maps\/embed?pb=!1m18!1m12!1m3!1d2855.9439276322323!2d0.33663831551854484!3d44.29054197910476!2m3!1f0!2f0!3f0!3m2!1i1024!2i768!4f13.1!3m3!1m2!1s0x12aa5c53650cbb09%3A0xd0487b0faf7d03fb!2s2%20Rte%20de%20Peyrelongue%2C%2047190%20Aiguillon!5e0!3m2!1sfr!2sfr!4v1689928130291!5m2!1sfr!2sfr\" width=\"600\" height=\"450\" allowfullscreen=\"allowfullscreen\"><\/iframe><\/p>\n","protected":false},"excerpt":{"rendered":"<p>Tapissier \u00e0 Aiguillon (Lot-Et-Garonne 47), dipl\u00f4m\u00e9 de l&#8217;\u00e9cole Gr\u00e9goire-Ferrandi (Paris 6\u00e8me) en tapisserie d&#8217;ameublement je suis \u00e0 votre disposition pour la r\u00e9fection et restauration de vos si\u00e8ges, fauteuils et canap\u00e9s\u00a0de styles et contemporains,\u00a0ainsi que la confection de\u00a0t\u00eates de lit et rideaux, je travaille de fa\u00e7on traditionnelle (utilisation du crin) en y mettant toute ma passion [&hellip;]<\/p>\n","protected":false},"author":1,"featured_media":230,"parent":0,"menu_order":0,"comment_status":"closed","ping_status":"open","template":"page-templates\/front-page.php","meta":{"two_page_speed":null,"footnotes":""},"class_list":["post-2","page","type-page","status-publish","has-post-thumbnail","hentry"],"yoast_head":"<!-- This site is optimized with the Yoast SEO plugin v24.0 - https:\/\/yoast.com\/wordpress\/plugins\/seo\/ -->\n<title>Tapissier - Michel Larsonneur Tapissier D\u00e9corateur<\/title>\n<meta name=\"description\" content=\"Tapissier-d\u00e9corateur : Restauration de si\u00e8ges, fauteuils et canap\u00e9s, confection et pose de rideaux et t\u00eates de lits. D\u00e9placement sur le Lot-Et-Garonne.\" \/>\n<meta name=\"robots\" content=\"index, follow, max-snippet:-1, max-image-preview:large, max-video-preview:-1\" \/>\n<link rel=\"canonical\" href=\"https:\/\/michellarsonneur.fr\/tapissier-decorateur\/\" \/>\n<meta property=\"og:locale\" content=\"fr_FR\" \/>\n<meta property=\"og:type\" content=\"article\" \/>\n<meta property=\"og:title\" content=\"Tapissier - Michel Larsonneur Tapissier D\u00e9corateur\" \/>\n<meta property=\"og:description\" content=\"Tapissier-d\u00e9corateur : Restauration de si\u00e8ges, fauteuils et canap\u00e9s, confection et pose de rideaux et t\u00eates de lits. D\u00e9placement sur le Lot-Et-Garonne.\" \/>\n<meta property=\"og:url\" content=\"https:\/\/michellarsonneur.fr\/tapissier-decorateur\/\" \/>\n<meta property=\"og:site_name\" content=\"Michel Larsonneur Tapissier D\u00e9corateur\" \/>\n<meta property=\"article:publisher\" content=\"https:\/\/www.facebook.com\/MichelLarsonneurTapissierDecorateur\/\" \/>\n<meta property=\"article:modified_time\" content=\"2026-04-01T14:55:03+00:00\" \/>\n<meta property=\"og:image\" content=\"https:\/\/michellarsonneur.fr\/tapissier-decorateur\/wp-content\/uploads\/accueil.jpg\" \/>\n\t<meta property=\"og:image:width\" content=\"2858\" \/>\n\t<meta property=\"og:image:height\" content=\"4096\" \/>\n\t<meta property=\"og:image:type\" content=\"image\/jpeg\" \/>\n<meta name=\"twitter:label1\" content=\"Dur\u00e9e de lecture estim\u00e9e\" \/>\n\t<meta name=\"twitter:data1\" content=\"1 minute\" \/>\n<script type=\"application\/ld+json\" class=\"yoast-schema-graph\">{\"@context\":\"https:\/\/schema.org\",\"@graph\":[{\"@type\":\"WebPage\",\"@id\":\"https:\/\/michellarsonneur.fr\/tapissier-decorateur\/\",\"url\":\"https:\/\/michellarsonneur.fr\/tapissier-decorateur\/\",\"name\":\"Tapissier - Michel Larsonneur Tapissier D\u00e9corateur\",\"isPartOf\":{\"@id\":\"https:\/\/michellarsonneur.fr\/tapissier-decorateur\/#website\"},\"primaryImageOfPage\":{\"@id\":\"https:\/\/michellarsonneur.fr\/tapissier-decorateur\/#primaryimage\"},\"image\":{\"@id\":\"https:\/\/michellarsonneur.fr\/tapissier-decorateur\/#primaryimage\"},\"thumbnailUrl\":\"https:\/\/michellarsonneur.fr\/tapissier-decorateur\/wp-content\/uploads\/accueil.jpg\",\"datePublished\":\"2014-12-23T14:17:31+00:00\",\"dateModified\":\"2026-04-01T14:55:03+00:00\",\"description\":\"Tapissier-d\u00e9corateur : Restauration de si\u00e8ges, fauteuils et canap\u00e9s, confection et pose de rideaux et t\u00eates de lits. D\u00e9placement sur le Lot-Et-Garonne.\",\"breadcrumb\":{\"@id\":\"https:\/\/michellarsonneur.fr\/tapissier-decorateur\/#breadcrumb\"},\"inLanguage\":\"fr-FR\",\"potentialAction\":[{\"@type\":\"ReadAction\",\"target\":[\"https:\/\/michellarsonneur.fr\/tapissier-decorateur\/\"]}]},{\"@type\":\"ImageObject\",\"inLanguage\":\"fr-FR\",\"@id\":\"https:\/\/michellarsonneur.fr\/tapissier-decorateur\/#primaryimage\",\"url\":\"https:\/\/michellarsonneur.fr\/tapissier-decorateur\/wp-content\/uploads\/accueil.jpg\",\"contentUrl\":\"https:\/\/michellarsonneur.fr\/tapissier-decorateur\/wp-content\/uploads\/accueil.jpg\",\"width\":2858,\"height\":4096,\"caption\":\"Fauteuil Rocking chair Charles et Ray Eames\"},{\"@type\":\"BreadcrumbList\",\"@id\":\"https:\/\/michellarsonneur.fr\/tapissier-decorateur\/#breadcrumb\",\"itemListElement\":[{\"@type\":\"ListItem\",\"position\":1,\"name\":\"Accueil\",\"item\":\"https:\/\/michellarsonneur.fr\/tapissier-decorateur\/\"},{\"@type\":\"ListItem\",\"position\":2,\"name\":\"Tapissier\"}]},{\"@type\":\"WebSite\",\"@id\":\"https:\/\/michellarsonneur.fr\/tapissier-decorateur\/#website\",\"url\":\"https:\/\/michellarsonneur.fr\/tapissier-decorateur\/\",\"name\":\"Michel Larsonneur Tapissier D\u00e9corateur\",\"description\":\"Restauration de si\u00e8ges et fauteuils, confection de rideaux et t\u00eates de lits\",\"potentialAction\":[{\"@type\":\"SearchAction\",\"target\":{\"@type\":\"EntryPoint\",\"urlTemplate\":\"https:\/\/michellarsonneur.fr\/tapissier-decorateur\/?s={search_term_string}\"},\"query-input\":{\"@type\":\"PropertyValueSpecification\",\"valueRequired\":true,\"valueName\":\"search_term_string\"}}],\"inLanguage\":\"fr-FR\"}]}<\/script>\n<!-- \/ Yoast SEO plugin. -->","yoast_head_json":{"title":"Tapissier - Michel Larsonneur Tapissier D\u00e9corateur","description":"Tapissier-d\u00e9corateur : Restauration de si\u00e8ges, fauteuils et canap\u00e9s, confection et pose de rideaux et t\u00eates de lits. D\u00e9placement sur le Lot-Et-Garonne.","robots":{"index":"index","follow":"follow","max-snippet":"max-snippet:-1","max-image-preview":"max-image-preview:large","max-video-preview":"max-video-preview:-1"},"canonical":"https:\/\/michellarsonneur.fr\/tapissier-decorateur\/","og_locale":"fr_FR","og_type":"article","og_title":"Tapissier - Michel Larsonneur Tapissier D\u00e9corateur","og_description":"Tapissier-d\u00e9corateur : Restauration de si\u00e8ges, fauteuils et canap\u00e9s, confection et pose de rideaux et t\u00eates de lits. D\u00e9placement sur le Lot-Et-Garonne.","og_url":"https:\/\/michellarsonneur.fr\/tapissier-decorateur\/","og_site_name":"Michel Larsonneur Tapissier D\u00e9corateur","article_publisher":"https:\/\/www.facebook.com\/MichelLarsonneurTapissierDecorateur\/","article_modified_time":"2026-04-01T14:55:03+00:00","og_image":[{"width":2858,"height":4096,"url":"https:\/\/michellarsonneur.fr\/tapissier-decorateur\/wp-content\/uploads\/accueil.jpg","type":"image\/jpeg"}],"twitter_misc":{"Dur\u00e9e de lecture estim\u00e9e":"1 minute"},"schema":{"@context":"https:\/\/schema.org","@graph":[{"@type":"WebPage","@id":"https:\/\/michellarsonneur.fr\/tapissier-decorateur\/","url":"https:\/\/michellarsonneur.fr\/tapissier-decorateur\/","name":"Tapissier - Michel Larsonneur Tapissier D\u00e9corateur","isPartOf":{"@id":"https:\/\/michellarsonneur.fr\/tapissier-decorateur\/#website"},"primaryImageOfPage":{"@id":"https:\/\/michellarsonneur.fr\/tapissier-decorateur\/#primaryimage"},"image":{"@id":"https:\/\/michellarsonneur.fr\/tapissier-decorateur\/#primaryimage"},"thumbnailUrl":"https:\/\/michellarsonneur.fr\/tapissier-decorateur\/wp-content\/uploads\/accueil.jpg","datePublished":"2014-12-23T14:17:31+00:00","dateModified":"2026-04-01T14:55:03+00:00","description":"Tapissier-d\u00e9corateur : Restauration de si\u00e8ges, fauteuils et canap\u00e9s, confection et pose de rideaux et t\u00eates de lits. D\u00e9placement sur le Lot-Et-Garonne.","breadcrumb":{"@id":"https:\/\/michellarsonneur.fr\/tapissier-decorateur\/#breadcrumb"},"inLanguage":"fr-FR","potentialAction":[{"@type":"ReadAction","target":["https:\/\/michellarsonneur.fr\/tapissier-decorateur\/"]}]},{"@type":"ImageObject","inLanguage":"fr-FR","@id":"https:\/\/michellarsonneur.fr\/tapissier-decorateur\/#primaryimage","url":"https:\/\/michellarsonneur.fr\/tapissier-decorateur\/wp-content\/uploads\/accueil.jpg","contentUrl":"https:\/\/michellarsonneur.fr\/tapissier-decorateur\/wp-content\/uploads\/accueil.jpg","width":2858,"height":4096,"caption":"Fauteuil Rocking chair Charles et Ray Eames"},{"@type":"BreadcrumbList","@id":"https:\/\/michellarsonneur.fr\/tapissier-decorateur\/#breadcrumb","itemListElement":[{"@type":"ListItem","position":1,"name":"Accueil","item":"https:\/\/michellarsonneur.fr\/tapissier-decorateur\/"},{"@type":"ListItem","position":2,"name":"Tapissier"}]},{"@type":"WebSite","@id":"https:\/\/michellarsonneur.fr\/tapissier-decorateur\/#website","url":"https:\/\/michellarsonneur.fr\/tapissier-decorateur\/","name":"Michel Larsonneur Tapissier D\u00e9corateur","description":"Restauration de si\u00e8ges et fauteuils, confection de rideaux et t\u00eates de lits","potentialAction":[{"@type":"SearchAction","target":{"@type":"EntryPoint","urlTemplate":"https:\/\/michellarsonneur.fr\/tapissier-decorateur\/?s={search_term_string}"},"query-input":{"@type":"PropertyValueSpecification","valueRequired":true,"valueName":"search_term_string"}}],"inLanguage":"fr-FR"}]}},"_links":{"self":[{"href":"https:\/\/michellarsonneur.fr\/tapissier-decorateur\/wp-json\/wp\/v2\/pages\/2","targetHints":{"allow":["GET"]}}],"collection":[{"href":"https:\/\/michellarsonneur.fr\/tapissier-decorateur\/wp-json\/wp\/v2\/pages"}],"about":[{"href":"https:\/\/michellarsonneur.fr\/tapissier-decorateur\/wp-json\/wp\/v2\/types\/page"}],"author":[{"embeddable":true,"href":"https:\/\/michellarsonneur.fr\/tapissier-decorateur\/wp-json\/wp\/v2\/users\/1"}],"replies":[{"embeddable":true,"href":"https:\/\/michellarsonneur.fr\/tapissier-decorateur\/wp-json\/wp\/v2\/comments?post=2"}],"version-history":[{"count":27,"href":"https:\/\/michellarsonneur.fr\/tapissier-decorateur\/wp-json\/wp\/v2\/pages\/2\/revisions"}],"predecessor-version":[{"id":404,"href":"https:\/\/michellarsonneur.fr\/tapissier-decorateur\/wp-json\/wp\/v2\/pages\/2\/revisions\/404"}],"wp:featuredmedia":[{"embeddable":true,"href":"https:\/\/michellarsonneur.fr\/tapissier-decorateur\/wp-json\/wp\/v2\/media\/230"}],"wp:attachment":[{"href":"https:\/\/michellarsonneur.fr\/tapissier-decorateur\/wp-json\/wp\/v2\/media?parent=2"}],"curies":[{"name":"wp","href":"https:\/\/api.w.org\/{rel}","templated":true}]}}