{"id":298,"date":"2018-04-03T12:52:35","date_gmt":"2018-04-03T11:52:35","guid":{"rendered":"http:\/\/michellarsonneur.fr\/tapissier-decorateur\/?page_id=298"},"modified":"2024-12-06T15:48:55","modified_gmt":"2024-12-06T14:48:55","slug":"partenaires","status":"publish","type":"page","link":"https:\/\/michellarsonneur.fr\/tapissier-decorateur\/partenaires\/","title":{"rendered":"Partenaires"},"content":{"rendered":"\n<p>Je travaille avec des partenaires et artisans passionn\u00e9s par leur travail. Voici mes partenaires privil\u00e9gi\u00e9s<\/p>\n\n\n\n<h2 class=\"wp-block-heading\">\u00c9diteurs de tissus<\/h2>\n\n\n\n<p><a href=\"https:\/\/www.manuelcanovas.fr\/\" target=\"_blank\" rel=\"noopener noreferrer\">Canovas<\/a><\/p>\n\n\n\n<p><a href=\"https:\/\/www.casal.fr\/\" target=\"_blank\" rel=\"noopener noreferrer\">Casal<\/a><\/p>\n\n\n\n<p><a href=\"https:\/\/www.casamance.com\/\" target=\"_blank\" rel=\"noopener noreferrer\">Casamance<\/a><\/p>\n\n\n\n<p><a href=\"https:\/\/www.colefax.com\/\" target=\"_blank\" rel=\"noopener noreferrer\">Colefax and Fowler<\/a><\/p>\n\n\n\n<p><a href=\"https:\/\/www.designersguild.com\/fr\/l0\" target=\"_blank\" rel=\"noopener noreferrer\">Designers Guild<\/a><\/p>\n\n\n\n<p><a href=\"https:\/\/www.janechurchill.com\/\" target=\"_blank\" rel=\"noopener noreferrer\">Jane Churchill<\/a><\/p>\n\n\n\n<p><a href=\"https:\/\/www.larsenfabrics.com\/\" target=\"_blank\" rel=\"noopener noreferrer\">Larsen<\/a><\/p>\n\n\n\n<p><a href=\"https:\/\/lelievreparis.com\/\" target=\"_blank\" rel=\"noopener noreferrer\">Leli\u00e8vre<\/a><\/p>\n\n\n\n<p><a href=\"https:\/\/www.osborneandlittle.com\/\" target=\"_blank\" rel=\"noopener noreferrer\">Osborne &amp; Little<\/a><\/p>\n\n\n\n<p><a href=\"https:\/\/www.sofic-cuir.com\/\" target=\"_blank\" rel=\"noopener noreferrer\">Sofic Cuir<\/a><\/p>\n\n\n\n<hr class=\"wp-block-separator has-alpha-channel-opacity\"\/>\n\n\n\n<h2 class=\"wp-block-heading\">Passementiers<\/h2>\n\n\n\n<p><a href=\"https:\/\/pidf.fr\/fr\/\" target=\"_blank\" rel=\"noopener noreferrer\">Les Passementeries de l&#8217;\u00cele de France<\/a><\/p>\n\n\n\n<hr class=\"wp-block-separator has-alpha-channel-opacity\"\/>\n\n\n\n<h2 class=\"wp-block-heading\">\u00c9b\u00e9niste, doreur et autres fournisseurs<\/h2>\n\n\n\n<p><a href=\"https:\/\/www.leobert.fr\/html\/presentation.html\" target=\"_blank\" rel=\"noopener noreferrer\">L\u00e9obert<\/a><\/p>\n\n\n\n<p><a href=\"https:\/\/www.gauthiercompagnie.com\/\" target=\"_blank\" rel=\"noopener noreferrer\">Gauthier &amp; Compagnie<\/a><\/p>\n\n\n\n<p><a href=\"https:\/\/www.facebook.com\/Orlaque\/\" target=\"_blank\" rel=\"noopener noreferrer\">Orlaque<\/a><\/p>\n\n\n\n<p><a href=\"https:\/\/ebenisterie-cazeaux.fr\/\" target=\"_blank\" rel=\"noopener noreferrer\">\u00c9b\u00e9nisterie Cazeaux<\/a><\/p>\n\n\n\n<p><\/p>\n","protected":false},"excerpt":{"rendered":"<p>Je travaille avec des partenaires et artisans passionn\u00e9s par leur travail. Voici mes partenaires privil\u00e9gi\u00e9s \u00c9diteurs de tissus Canovas Casal Casamance Colefax and Fowler Designers Guild Jane Churchill Larsen Leli\u00e8vre Osborne &amp; Little Sofic Cuir Passementiers Les Passementeries de l&#8217;\u00cele de France \u00c9b\u00e9niste, doreur et autres fournisseurs L\u00e9obert Gauthier &amp; Compagnie Orlaque \u00c9b\u00e9nisterie Cazeaux<\/p>\n","protected":false},"author":1,"featured_media":0,"parent":0,"menu_order":0,"comment_status":"closed","ping_status":"closed","template":"page-templates\/full-width.php","meta":{"two_page_speed":[],"footnotes":""},"class_list":["post-298","page","type-page","status-publish","hentry"],"yoast_head":"<!-- This site is optimized with the Yoast SEO plugin v24.0 - https:\/\/yoast.com\/wordpress\/plugins\/seo\/ -->\n<title>Partenaires - Michel Larsonneur Tapissier D\u00e9corateur<\/title>\n<meta name=\"description\" content=\"\u00c9diteurs de tissus, passementiers, \u00e9b\u00e9nistes, doreurs et autres fournisseurs, voici mes partenaires privil\u00e9gi\u00e9s\" \/>\n<meta name=\"robots\" content=\"index, follow, max-snippet:-1, max-image-preview:large, max-video-preview:-1\" \/>\n<link rel=\"canonical\" href=\"https:\/\/michellarsonneur.fr\/tapissier-decorateur\/partenaires\/\" \/>\n<meta property=\"og:locale\" content=\"fr_FR\" \/>\n<meta property=\"og:type\" content=\"article\" \/>\n<meta property=\"og:title\" content=\"Partenaires - Michel Larsonneur Tapissier D\u00e9corateur\" \/>\n<meta property=\"og:description\" content=\"\u00c9diteurs de tissus, passementiers, \u00e9b\u00e9nistes, doreurs et autres fournisseurs, voici mes partenaires privil\u00e9gi\u00e9s\" \/>\n<meta property=\"og:url\" content=\"https:\/\/michellarsonneur.fr\/tapissier-decorateur\/partenaires\/\" \/>\n<meta property=\"og:site_name\" content=\"Michel Larsonneur Tapissier D\u00e9corateur\" \/>\n<meta property=\"article:publisher\" content=\"https:\/\/www.facebook.com\/MichelLarsonneurTapissierDecorateur\/\" \/>\n<meta property=\"article:modified_time\" content=\"2024-12-06T14:48:55+00:00\" \/>\n<meta name=\"twitter:label1\" content=\"Dur\u00e9e de lecture estim\u00e9e\" \/>\n\t<meta name=\"twitter:data1\" content=\"1 minute\" \/>\n<script type=\"application\/ld+json\" class=\"yoast-schema-graph\">{\"@context\":\"https:\/\/schema.org\",\"@graph\":[{\"@type\":\"WebPage\",\"@id\":\"https:\/\/michellarsonneur.fr\/tapissier-decorateur\/partenaires\/\",\"url\":\"https:\/\/michellarsonneur.fr\/tapissier-decorateur\/partenaires\/\",\"name\":\"Partenaires - Michel Larsonneur Tapissier D\u00e9corateur\",\"isPartOf\":{\"@id\":\"https:\/\/michellarsonneur.fr\/tapissier-decorateur\/#website\"},\"datePublished\":\"2018-04-03T11:52:35+00:00\",\"dateModified\":\"2024-12-06T14:48:55+00:00\",\"description\":\"\u00c9diteurs de tissus, passementiers, \u00e9b\u00e9nistes, doreurs et autres fournisseurs, voici mes partenaires privil\u00e9gi\u00e9s\",\"breadcrumb\":{\"@id\":\"https:\/\/michellarsonneur.fr\/tapissier-decorateur\/partenaires\/#breadcrumb\"},\"inLanguage\":\"fr-FR\",\"potentialAction\":[{\"@type\":\"ReadAction\",\"target\":[\"https:\/\/michellarsonneur.fr\/tapissier-decorateur\/partenaires\/\"]}]},{\"@type\":\"BreadcrumbList\",\"@id\":\"https:\/\/michellarsonneur.fr\/tapissier-decorateur\/partenaires\/#breadcrumb\",\"itemListElement\":[{\"@type\":\"ListItem\",\"position\":1,\"name\":\"Accueil\",\"item\":\"https:\/\/michellarsonneur.fr\/tapissier-decorateur\/\"},{\"@type\":\"ListItem\",\"position\":2,\"name\":\"Partenaires\"}]},{\"@type\":\"WebSite\",\"@id\":\"https:\/\/michellarsonneur.fr\/tapissier-decorateur\/#website\",\"url\":\"https:\/\/michellarsonneur.fr\/tapissier-decorateur\/\",\"name\":\"Michel Larsonneur Tapissier D\u00e9corateur\",\"description\":\"Restauration de si\u00e8ges et fauteuils, confection de rideaux et t\u00eates de lits\",\"potentialAction\":[{\"@type\":\"SearchAction\",\"target\":{\"@type\":\"EntryPoint\",\"urlTemplate\":\"https:\/\/michellarsonneur.fr\/tapissier-decorateur\/?s={search_term_string}\"},\"query-input\":{\"@type\":\"PropertyValueSpecification\",\"valueRequired\":true,\"valueName\":\"search_term_string\"}}],\"inLanguage\":\"fr-FR\"}]}<\/script>\n<!-- \/ Yoast SEO plugin. -->","yoast_head_json":{"title":"Partenaires - Michel Larsonneur Tapissier D\u00e9corateur","description":"\u00c9diteurs de tissus, passementiers, \u00e9b\u00e9nistes, doreurs et autres fournisseurs, voici mes partenaires privil\u00e9gi\u00e9s","robots":{"index":"index","follow":"follow","max-snippet":"max-snippet:-1","max-image-preview":"max-image-preview:large","max-video-preview":"max-video-preview:-1"},"canonical":"https:\/\/michellarsonneur.fr\/tapissier-decorateur\/partenaires\/","og_locale":"fr_FR","og_type":"article","og_title":"Partenaires - Michel Larsonneur Tapissier D\u00e9corateur","og_description":"\u00c9diteurs de tissus, passementiers, \u00e9b\u00e9nistes, doreurs et autres fournisseurs, voici mes partenaires privil\u00e9gi\u00e9s","og_url":"https:\/\/michellarsonneur.fr\/tapissier-decorateur\/partenaires\/","og_site_name":"Michel Larsonneur Tapissier D\u00e9corateur","article_publisher":"https:\/\/www.facebook.com\/MichelLarsonneurTapissierDecorateur\/","article_modified_time":"2024-12-06T14:48:55+00:00","twitter_misc":{"Dur\u00e9e de lecture estim\u00e9e":"1 minute"},"schema":{"@context":"https:\/\/schema.org","@graph":[{"@type":"WebPage","@id":"https:\/\/michellarsonneur.fr\/tapissier-decorateur\/partenaires\/","url":"https:\/\/michellarsonneur.fr\/tapissier-decorateur\/partenaires\/","name":"Partenaires - Michel Larsonneur Tapissier D\u00e9corateur","isPartOf":{"@id":"https:\/\/michellarsonneur.fr\/tapissier-decorateur\/#website"},"datePublished":"2018-04-03T11:52:35+00:00","dateModified":"2024-12-06T14:48:55+00:00","description":"\u00c9diteurs de tissus, passementiers, \u00e9b\u00e9nistes, doreurs et autres fournisseurs, voici mes partenaires privil\u00e9gi\u00e9s","breadcrumb":{"@id":"https:\/\/michellarsonneur.fr\/tapissier-decorateur\/partenaires\/#breadcrumb"},"inLanguage":"fr-FR","potentialAction":[{"@type":"ReadAction","target":["https:\/\/michellarsonneur.fr\/tapissier-decorateur\/partenaires\/"]}]},{"@type":"BreadcrumbList","@id":"https:\/\/michellarsonneur.fr\/tapissier-decorateur\/partenaires\/#breadcrumb","itemListElement":[{"@type":"ListItem","position":1,"name":"Accueil","item":"https:\/\/michellarsonneur.fr\/tapissier-decorateur\/"},{"@type":"ListItem","position":2,"name":"Partenaires"}]},{"@type":"WebSite","@id":"https:\/\/michellarsonneur.fr\/tapissier-decorateur\/#website","url":"https:\/\/michellarsonneur.fr\/tapissier-decorateur\/","name":"Michel Larsonneur Tapissier D\u00e9corateur","description":"Restauration de si\u00e8ges et fauteuils, confection de rideaux et t\u00eates de lits","potentialAction":[{"@type":"SearchAction","target":{"@type":"EntryPoint","urlTemplate":"https:\/\/michellarsonneur.fr\/tapissier-decorateur\/?s={search_term_string}"},"query-input":{"@type":"PropertyValueSpecification","valueRequired":true,"valueName":"search_term_string"}}],"inLanguage":"fr-FR"}]}},"_links":{"self":[{"href":"https:\/\/michellarsonneur.fr\/tapissier-decorateur\/wp-json\/wp\/v2\/pages\/298","targetHints":{"allow":["GET"]}}],"collection":[{"href":"https:\/\/michellarsonneur.fr\/tapissier-decorateur\/wp-json\/wp\/v2\/pages"}],"about":[{"href":"https:\/\/michellarsonneur.fr\/tapissier-decorateur\/wp-json\/wp\/v2\/types\/page"}],"author":[{"embeddable":true,"href":"https:\/\/michellarsonneur.fr\/tapissier-decorateur\/wp-json\/wp\/v2\/users\/1"}],"replies":[{"embeddable":true,"href":"https:\/\/michellarsonneur.fr\/tapissier-decorateur\/wp-json\/wp\/v2\/comments?post=298"}],"version-history":[{"count":21,"href":"https:\/\/michellarsonneur.fr\/tapissier-decorateur\/wp-json\/wp\/v2\/pages\/298\/revisions"}],"predecessor-version":[{"id":459,"href":"https:\/\/michellarsonneur.fr\/tapissier-decorateur\/wp-json\/wp\/v2\/pages\/298\/revisions\/459"}],"wp:attachment":[{"href":"https:\/\/michellarsonneur.fr\/tapissier-decorateur\/wp-json\/wp\/v2\/media?parent=298"}],"curies":[{"name":"wp","href":"https:\/\/api.w.org\/{rel}","templated":true}]}}