{"id":93,"date":"2015-03-11T16:38:12","date_gmt":"2015-03-11T15:38:12","guid":{"rendered":"http:\/\/michellarsonneur.fr\/tapissier-decorateur\/?page_id=93"},"modified":"2026-05-06T18:25:45","modified_gmt":"2026-05-06T17:25:45","slug":"contact","status":"publish","type":"page","link":"https:\/\/michellarsonneur.fr\/tapissier-decorateur\/contact\/","title":{"rendered":"Contact et Devis"},"content":{"rendered":"<p>Pour tous renseignements ou devis, contactez-moi. Je peux me d\u00e9placer dans tout le Lot-Et-Garonne et d\u00e9partements limitrophes pour \u00e9tablir un <strong><big>devis gratuit<\/big><\/strong>.<\/p>\n<p><b>Par mail :\u00a0<\/b> <a href=\"mailto:michellarsonneur@sfr.fr\">michellarsonneur@sfr.fr<\/a><\/p>\n<p align=\"left\"><b>Par t\u00e9l\u00e9phone : <a href=\"tel:0622468806\">06 22 46 88 06<\/a><\/b><\/p>\n<p align=\"left\">Je re\u00e7ois \u00e0 mon atelier sur rendez-vous.\u00a0 L&#8217;atelier se situe au <a href=\"https:\/\/goo.gl\/maps\/5sxnNFUzpHuvC2FX9\" target=\"_blank\" rel=\"noopener\">2 route de Peyrelongue &#8211; 47190 Aiguillon<\/a><\/p>\n<p><iframe loading=\"lazy\" style=\"border: 0;\" src=\"https:\/\/www.google.com\/maps\/embed?pb=!1m18!1m12!1m3!1d2855.9439276322323!2d0.33663831551854484!3d44.29054197910476!2m3!1f0!2f0!3f0!3m2!1i1024!2i768!4f13.1!3m3!1m2!1s0x12aa5c53650cbb09%3A0xd0487b0faf7d03fb!2s2%20Rte%20de%20Peyrelongue%2C%2047190%20Aiguillon!5e0!3m2!1sfr!2sfr!4v1689929021456!5m2!1sfr!2sfr\" width=\"600\" height=\"450\" allowfullscreen=\"allowfullscreen\"><\/iframe><\/p>\n<p align=\"left\">\n","protected":false},"excerpt":{"rendered":"<p>Pour tous renseignements ou devis, contactez-moi. Je peux me d\u00e9placer dans tout le Lot-Et-Garonne et d\u00e9partements limitrophes pour \u00e9tablir un devis gratuit. Par mail :\u00a0 michellarsonneur@sfr.fr Par t\u00e9l\u00e9phone : 06 22 46 88 06 Je re\u00e7ois \u00e0 mon atelier sur rendez-vous.\u00a0 L&#8217;atelier se situe au 2 route de Peyrelongue &#8211; 47190 Aiguillon<\/p>\n","protected":false},"author":1,"featured_media":0,"parent":0,"menu_order":0,"comment_status":"closed","ping_status":"open","template":"page-templates\/full-width.php","meta":{"two_page_speed":[],"footnotes":""},"class_list":["post-93","page","type-page","status-publish","hentry"],"yoast_head":"<!-- This site is optimized with the Yoast SEO plugin v24.0 - https:\/\/yoast.com\/wordpress\/plugins\/seo\/ -->\n<title>Contact et Devis - Michel Larsonneur Tapissier D\u00e9corateur<\/title>\n<meta name=\"description\" content=\"Pour tous renseignements ou devis, contactez-moi. Je peux me d\u00e9placer en Ile de France pour \u00e9tablir un devis gratuit.\" \/>\n<meta name=\"robots\" content=\"index, follow, max-snippet:-1, max-image-preview:large, max-video-preview:-1\" \/>\n<link rel=\"canonical\" href=\"https:\/\/michellarsonneur.fr\/tapissier-decorateur\/contact\/\" \/>\n<meta property=\"og:locale\" content=\"fr_FR\" \/>\n<meta property=\"og:type\" content=\"article\" \/>\n<meta property=\"og:title\" content=\"Contact et Devis - Michel Larsonneur Tapissier D\u00e9corateur\" \/>\n<meta property=\"og:description\" content=\"Pour tous renseignements ou devis, contactez-moi. Je peux me d\u00e9placer en Ile de France pour \u00e9tablir un devis gratuit.\" \/>\n<meta property=\"og:url\" content=\"https:\/\/michellarsonneur.fr\/tapissier-decorateur\/contact\/\" \/>\n<meta property=\"og:site_name\" content=\"Michel Larsonneur Tapissier D\u00e9corateur\" \/>\n<meta property=\"article:publisher\" content=\"https:\/\/www.facebook.com\/MichelLarsonneurTapissierDecorateur\/\" \/>\n<meta property=\"article:modified_time\" content=\"2026-05-06T17:25:45+00:00\" \/>\n<meta name=\"twitter:label1\" content=\"Dur\u00e9e de lecture estim\u00e9e\" \/>\n\t<meta name=\"twitter:data1\" content=\"1 minute\" \/>\n<script type=\"application\/ld+json\" class=\"yoast-schema-graph\">{\"@context\":\"https:\/\/schema.org\",\"@graph\":[{\"@type\":\"WebPage\",\"@id\":\"https:\/\/michellarsonneur.fr\/tapissier-decorateur\/contact\/\",\"url\":\"https:\/\/michellarsonneur.fr\/tapissier-decorateur\/contact\/\",\"name\":\"Contact et Devis - Michel Larsonneur Tapissier D\u00e9corateur\",\"isPartOf\":{\"@id\":\"https:\/\/michellarsonneur.fr\/tapissier-decorateur\/#website\"},\"datePublished\":\"2015-03-11T15:38:12+00:00\",\"dateModified\":\"2026-05-06T17:25:45+00:00\",\"description\":\"Pour tous renseignements ou devis, contactez-moi. Je peux me d\u00e9placer en Ile de France pour \u00e9tablir un devis gratuit.\",\"breadcrumb\":{\"@id\":\"https:\/\/michellarsonneur.fr\/tapissier-decorateur\/contact\/#breadcrumb\"},\"inLanguage\":\"fr-FR\",\"potentialAction\":[{\"@type\":\"ReadAction\",\"target\":[\"https:\/\/michellarsonneur.fr\/tapissier-decorateur\/contact\/\"]}]},{\"@type\":\"BreadcrumbList\",\"@id\":\"https:\/\/michellarsonneur.fr\/tapissier-decorateur\/contact\/#breadcrumb\",\"itemListElement\":[{\"@type\":\"ListItem\",\"position\":1,\"name\":\"Accueil\",\"item\":\"https:\/\/michellarsonneur.fr\/tapissier-decorateur\/\"},{\"@type\":\"ListItem\",\"position\":2,\"name\":\"Contact et Devis\"}]},{\"@type\":\"WebSite\",\"@id\":\"https:\/\/michellarsonneur.fr\/tapissier-decorateur\/#website\",\"url\":\"https:\/\/michellarsonneur.fr\/tapissier-decorateur\/\",\"name\":\"Michel Larsonneur Tapissier D\u00e9corateur\",\"description\":\"Restauration de si\u00e8ges et fauteuils, confection de rideaux et t\u00eates de lits\",\"potentialAction\":[{\"@type\":\"SearchAction\",\"target\":{\"@type\":\"EntryPoint\",\"urlTemplate\":\"https:\/\/michellarsonneur.fr\/tapissier-decorateur\/?s={search_term_string}\"},\"query-input\":{\"@type\":\"PropertyValueSpecification\",\"valueRequired\":true,\"valueName\":\"search_term_string\"}}],\"inLanguage\":\"fr-FR\"}]}<\/script>\n<!-- \/ Yoast SEO plugin. -->","yoast_head_json":{"title":"Contact et Devis - Michel Larsonneur Tapissier D\u00e9corateur","description":"Pour tous renseignements ou devis, contactez-moi. Je peux me d\u00e9placer en Ile de France pour \u00e9tablir un devis gratuit.","robots":{"index":"index","follow":"follow","max-snippet":"max-snippet:-1","max-image-preview":"max-image-preview:large","max-video-preview":"max-video-preview:-1"},"canonical":"https:\/\/michellarsonneur.fr\/tapissier-decorateur\/contact\/","og_locale":"fr_FR","og_type":"article","og_title":"Contact et Devis - Michel Larsonneur Tapissier D\u00e9corateur","og_description":"Pour tous renseignements ou devis, contactez-moi. Je peux me d\u00e9placer en Ile de France pour \u00e9tablir un devis gratuit.","og_url":"https:\/\/michellarsonneur.fr\/tapissier-decorateur\/contact\/","og_site_name":"Michel Larsonneur Tapissier D\u00e9corateur","article_publisher":"https:\/\/www.facebook.com\/MichelLarsonneurTapissierDecorateur\/","article_modified_time":"2026-05-06T17:25:45+00:00","twitter_misc":{"Dur\u00e9e de lecture estim\u00e9e":"1 minute"},"schema":{"@context":"https:\/\/schema.org","@graph":[{"@type":"WebPage","@id":"https:\/\/michellarsonneur.fr\/tapissier-decorateur\/contact\/","url":"https:\/\/michellarsonneur.fr\/tapissier-decorateur\/contact\/","name":"Contact et Devis - Michel Larsonneur Tapissier D\u00e9corateur","isPartOf":{"@id":"https:\/\/michellarsonneur.fr\/tapissier-decorateur\/#website"},"datePublished":"2015-03-11T15:38:12+00:00","dateModified":"2026-05-06T17:25:45+00:00","description":"Pour tous renseignements ou devis, contactez-moi. Je peux me d\u00e9placer en Ile de France pour \u00e9tablir un devis gratuit.","breadcrumb":{"@id":"https:\/\/michellarsonneur.fr\/tapissier-decorateur\/contact\/#breadcrumb"},"inLanguage":"fr-FR","potentialAction":[{"@type":"ReadAction","target":["https:\/\/michellarsonneur.fr\/tapissier-decorateur\/contact\/"]}]},{"@type":"BreadcrumbList","@id":"https:\/\/michellarsonneur.fr\/tapissier-decorateur\/contact\/#breadcrumb","itemListElement":[{"@type":"ListItem","position":1,"name":"Accueil","item":"https:\/\/michellarsonneur.fr\/tapissier-decorateur\/"},{"@type":"ListItem","position":2,"name":"Contact et Devis"}]},{"@type":"WebSite","@id":"https:\/\/michellarsonneur.fr\/tapissier-decorateur\/#website","url":"https:\/\/michellarsonneur.fr\/tapissier-decorateur\/","name":"Michel Larsonneur Tapissier D\u00e9corateur","description":"Restauration de si\u00e8ges et fauteuils, confection de rideaux et t\u00eates de lits","potentialAction":[{"@type":"SearchAction","target":{"@type":"EntryPoint","urlTemplate":"https:\/\/michellarsonneur.fr\/tapissier-decorateur\/?s={search_term_string}"},"query-input":{"@type":"PropertyValueSpecification","valueRequired":true,"valueName":"search_term_string"}}],"inLanguage":"fr-FR"}]}},"_links":{"self":[{"href":"https:\/\/michellarsonneur.fr\/tapissier-decorateur\/wp-json\/wp\/v2\/pages\/93","targetHints":{"allow":["GET"]}}],"collection":[{"href":"https:\/\/michellarsonneur.fr\/tapissier-decorateur\/wp-json\/wp\/v2\/pages"}],"about":[{"href":"https:\/\/michellarsonneur.fr\/tapissier-decorateur\/wp-json\/wp\/v2\/types\/page"}],"author":[{"embeddable":true,"href":"https:\/\/michellarsonneur.fr\/tapissier-decorateur\/wp-json\/wp\/v2\/users\/1"}],"replies":[{"embeddable":true,"href":"https:\/\/michellarsonneur.fr\/tapissier-decorateur\/wp-json\/wp\/v2\/comments?post=93"}],"version-history":[{"count":11,"href":"https:\/\/michellarsonneur.fr\/tapissier-decorateur\/wp-json\/wp\/v2\/pages\/93\/revisions"}],"predecessor-version":[{"id":470,"href":"https:\/\/michellarsonneur.fr\/tapissier-decorateur\/wp-json\/wp\/v2\/pages\/93\/revisions\/470"}],"wp:attachment":[{"href":"https:\/\/michellarsonneur.fr\/tapissier-decorateur\/wp-json\/wp\/v2\/media?parent=93"}],"curies":[{"name":"wp","href":"https:\/\/api.w.org\/{rel}","templated":true}]}}